{"id":953,"date":"2023-06-14T21:12:54","date_gmt":"2023-06-14T18:12:54","guid":{"rendered":"https:\/\/konverents.rae.ee\/omavalitsuspaev\/?page_id=953"},"modified":"2023-09-05T10:02:30","modified_gmt":"2023-09-05T07:02:30","slug":"aasta-tegu","status":"publish","type":"page","link":"https:\/\/konverents.rae.ee\/omavalitsuspaev\/aasta-tegu\/","title":{"rendered":"Aasta tegu"},"content":{"rendered":"\n<div class=\"wp-block-group has-black-color has-pale-cyan-blue-background-color has-text-color has-background\"><div class=\"wp-block-group__inner-container is-layout-flow wp-block-group-is-layout-flow\">\n<div class=\"wp-block-group\"><div class=\"wp-block-group__inner-container is-layout-flow wp-block-group-is-layout-flow\">\n<h2 class=\"wp-block-heading\"><strong>Aasta tegu<\/strong><\/h2>\n\n\n\n<p>Konkursi&nbsp;<strong>AASTA TEGU<\/strong>&nbsp;eesm\u00e4rgiks on teadvustada kohaliku omavalitsuse ning regionaalarengu valdkonna olulisust ajavahemikus 01.09.2022 \u2013 01.09.2023.a.<\/p>\n\n\n\n<p>Eelnevaga tunnustatakse Eesti inimesi ja\/v\u00f5i institutsioone, kelle tegevus on andnud olulise panuse kohaliku omavalitsuse ja\/v\u00f5i regionaalarengu valdkonna edendamisse Eestis ja\/v\u00f5i m\u00f5jutanud oluliselt kohalikku ja regionaalset arengut.<\/p>\n\n\n\n<p>Kandidaate v\u00f5ivad konkursile esitada nii f\u00fc\u00fcsilised kui ka juriidilised isikud. Esitada v\u00f5ib konkursile ka mitu kandidaati sama esitaja poolt. \u00dchte ja sama tegu erinevatel aastatel esitada ei saa.<\/p>\n\n\n\n<p>Konkurss korraldatakse \u00fcks kord aastas. Tunnustuseks on t\u00e4nukiri ning meene.&nbsp;<strong>AASTA TEGU&nbsp;<\/strong>kuulutatakse v\u00e4lja iga-aastasel \u00fcleriigilisel Omavalitsusp\u00e4eval.<\/p>\n\n\n\n<p><strong>Taotluses vajalik m\u00e4rkida j\u00e4rgmised andmed:<\/strong><\/p>\n\n\n\n<ul><li>Kandidaadi nimi (isik v\u00f5i institutsioon)<\/li><li>Tegu<\/li><li>Kandidaadi e-mail<\/li><li>Esitamise p\u00f5hjendust (kuni 1 lk A4 formaadis)<\/li><li>Lisa (dokumendid, fotod, artiklid jms, max 3 linki)<\/li><li>Esitaja nimi<\/li><li>Esitaja kontaktandmed<\/li><\/ul>\n\n\n\n<p>Konkursi\u00a0<strong>AASTA TEGU<\/strong>\u00a0kandidaadid esitada hiljemalt 11.09.2023 e-posti aadressile: <a href=\"javascript:DeCryptX('0o1w0p35362B0r0a3h200e2g')\">ovp23@rae.ee<\/a>\u00a0<\/p>\n<\/div><\/div>\n<\/div><\/div>\n\n\n\n<div id=\"kontakt\" class=\"wp-block-group\"><div class=\"wp-block-group__inner-container is-layout-flow wp-block-group-is-layout-flow\">\n<div class=\"wp-block-group\"><div class=\"wp-block-group__inner-container is-layout-flow wp-block-group-is-layout-flow\">\n<h2 class=\"wp-block-heading\">Kontakt<\/h2>\n\n\n\n    <div id=\"contact-block_648a01c3a6ea0\" class=\"contact-list\">\n      <div class=\"contact-inner\">\n        <div class=\"container row\">\n          <div class=\"col-md-7\">\n            <div id=\"map\"><\/div>\n          <\/div>\n          <div class=\"col-md-5\">\n            <div class=\"contact-info\">\n                <div class=\"map contact-item\">\n    <i class=\"far fa-map fa-2x\"><\/i><span>Roheluse tee 4, J\u00e4rvek\u00fcla, Harju maakond<\/span>\n  <\/div>\n  \n  <div class=\"email contact-item\">\n    <i class=\"far fa-envelope fa-2x\"><\/i><span><a href=\"javascript:DeCryptX('3n2c1m0l2g200s0e0p3s2B3u2c1f200e0e')\">kalle.sepp@rae.ee<\/a><\/span>\n  <\/div>\n  \n<div class=\"phone contact-item\">\n    <i class=\"fas fa-mobile-alt fa-2x\"><\/i><span><a href=\"tel:5072505\">507 2505 Kalle Sepp<\/a><\/span>\n<\/div>\n            <\/div>\n          <\/div>\n        <\/div>\n      <\/div>\n  <\/div>\n  <script src=\"https:\/\/maps.googleapis.com\/maps\/api\/js?key=AIzaSyDTdUaWExBdaisu4cP3DsSKwGRRT4k6Jts&#038;callback=initMap&#038;libraries=&#038;v=weekly\" async><\/script>\n  <script>\n\n    function initMap() {\n      const locs = { lat: 59.3796504, lng: 24.8271817 };\n      const map = new google.maps.Map(document.getElementById(\"map\"), {\n        zoom: 16,\n        center: locs,\n      });\n\n      const contentString =\n        '<div id=\"content\">' +\n        '<div id=\"siteNotice\">' +\n        \"<\/div>\" +\n        '<div id=\"bodyContent\">' +\n        \"<p>Kindluse Kool, Roheluse tee, J\u00e4rvek\u00fcla, Harju maakond, Eesti \" +\n        \"<\/div>\" +\n        \"<\/div>\";\n\n      const infowindow = new google.maps.InfoWindow({\n        content: contentString,\n      });\n\n      const marker = new google.maps.Marker({\n        position: locs,\n        map: map,\n        title: \"Uluru (Ayers Rock)\",\n      });\n      marker.addListener(\"click\", () => {\n        infowindow.open(map, marker);\n      });\n    }\n  <\/script>\n\n\n<\/div><\/div>\n<\/div><\/div>\n","protected":false},"excerpt":{"rendered":"<p>Aasta tegu Konkursi&nbsp;AASTA TEGU&nbsp;eesm\u00e4rgiks on teadvustada kohaliku omavalitsuse ning regionaalarengu valdkonna olulisust ajavahemikus 01.09.2022 \u2013 01.09.2023.a. Eelnevaga tunnustatakse Eesti inimesi ja\/v\u00f5i institutsioone, kelle tegevus on andnud olulise panuse kohaliku omavalitsuse ja\/v\u00f5i regionaalarengu valdkonna edendamisse Eestis ja\/v\u00f5i m\u00f5jutanud oluliselt kohalikku ja regionaalset arengut. Kandidaate v\u00f5ivad konkursile esitada nii f\u00fc\u00fcsilised kui ka juriidilised isikud. Esitada v\u00f5ib konkursile   <a class=\"read-more\" href=\"https:\/\/konverents.rae.ee\/omavalitsuspaev\/aasta-tegu\/\">Loe edasi&#8230;<\/a><\/p>\n","protected":false},"author":1,"featured_media":0,"parent":0,"menu_order":0,"comment_status":"closed","ping_status":"closed","template":"","meta":{"footnotes":""},"_links":{"self":[{"href":"https:\/\/konverents.rae.ee\/omavalitsuspaev\/wp-json\/wp\/v2\/pages\/953"}],"collection":[{"href":"https:\/\/konverents.rae.ee\/omavalitsuspaev\/wp-json\/wp\/v2\/pages"}],"about":[{"href":"https:\/\/konverents.rae.ee\/omavalitsuspaev\/wp-json\/wp\/v2\/types\/page"}],"author":[{"embeddable":true,"href":"https:\/\/konverents.rae.ee\/omavalitsuspaev\/wp-json\/wp\/v2\/users\/1"}],"replies":[{"embeddable":true,"href":"https:\/\/konverents.rae.ee\/omavalitsuspaev\/wp-json\/wp\/v2\/comments?post=953"}],"version-history":[{"count":4,"href":"https:\/\/konverents.rae.ee\/omavalitsuspaev\/wp-json\/wp\/v2\/pages\/953\/revisions"}],"predecessor-version":[{"id":993,"href":"https:\/\/konverents.rae.ee\/omavalitsuspaev\/wp-json\/wp\/v2\/pages\/953\/revisions\/993"}],"wp:attachment":[{"href":"https:\/\/konverents.rae.ee\/omavalitsuspaev\/wp-json\/wp\/v2\/media?parent=953"}],"curies":[{"name":"wp","href":"https:\/\/api.w.org\/{rel}","templated":true}]}}