{"id":951,"date":"2023-06-14T21:11:16","date_gmt":"2023-06-14T18:11:16","guid":{"rendered":"https:\/\/konverents.rae.ee\/omavalitsuspaev\/?page_id=951"},"modified":"2023-08-31T09:10:23","modified_gmt":"2023-08-31T06:10:23","slug":"praktiline-info","status":"publish","type":"page","link":"https:\/\/konverents.rae.ee\/omavalitsuspaev\/praktiline-info\/","title":{"rendered":"PRAKTILINE INFO"},"content":{"rendered":"\n<div class=\"wp-block-group has-black-color has-pale-cyan-blue-background-color has-text-color has-background\"><div class=\"wp-block-group__inner-container is-layout-flow wp-block-group-is-layout-flow\">\n<div class=\"wp-block-group\"><div class=\"wp-block-group__inner-container is-layout-flow wp-block-group-is-layout-flow\">\n<h2 class=\"wp-block-heading\"><strong>Praktiline info<\/strong><\/h2>\n\n\n\n<p><strong>Osalemistasu <\/strong>VIII Omavalitsusp\u00e4eval on<strong> 80 eurot \u00fche osaleja kohta.<\/strong><\/p>\n\n\n\n<p><strong>Soodustusega majutusv\u00f5imalus:<\/strong><br>Korraldajate poolt on kokku lepitud VIII Omavalitsusp\u00e4eva osalejatele soovi korral majutamiseks hotellis <a href=\"https:\/\/www.mercuretallinn.com\/\">Hotel Mercure Tallinn<\/a> (endine Hotel \u00dclemiste \u2013 \u00f5htuse piduliku vastuv\u00f5tu koha l\u00e4hedal) letihinnast <strong>soodsam<\/strong> hind. Soodustuse saamiseks tuleb saata e-kiri v\u00f5i helistada ning kasutada m\u00e4rks\u00f5na\/koodi&nbsp;\u201e<strong>Omavalitsusp\u00e4ev\u201c. <\/strong>Soodushind broneerimiseks kehtib <strong>kuni 14.09.2023.<\/strong><\/p>\n\n\n\n<p><strong>Kontakt:<\/strong><br><a href=\"http:\/\/www.mercuretallinn.com\">www.mercuretallinn.com<\/a><br>Lennujaama tee 2, 11101 Tallinn<br><a href=\"javascript:DeCryptX('1I0B1:2N3:1.2T0E1A0a3f2e3r2t0.2e0o3p')\">HB9L7-RE@accor.com<\/a><br><\/p>\n\n\n\n<p><strong>Parkimise info:<\/strong><br>Parkimine VIII OVP toimumiskoha Kindluse Kooli (Roheluse tee 4, J\u00e4rvek\u00fcla,&nbsp;Rae vald) juures parklas on tasuta.<\/p>\n\n\n\n<p>Parkimine 21.09.2023 \u00f5htuse piduliku vastuv\u00f5tu kohas &nbsp;\u2013 Restoran Dylan (L\u00f5\u00f5tsa 6, Zappi Maja, \u00dclemiste City, Tallinn) \u00fcmbruses on tasuline (Parkimistsoon EP90; 2 tundi parkimiskellaga tasuta; 30 minutit &#8211; 1 \u20ac&nbsp; ja 24 tundi &#8211; 6 \u20ac).<\/p>\n\n\n\n<p><strong>Osalemine 22.09.2023 T\u00f6\u00f6tubades:<\/strong><br>Osalemine 22.09.2023 toimuvate T\u00f6\u00f6tubade t\u00f6\u00f6s toimub vaid eelneva registreerimise alusel (vt Registreerimine Omavalitsusp\u00e4evale). Tallinna vangla t\u00f6\u00f6tuppa registreeruvad osalejad peavad esitama sissep\u00e4\u00e4suloa vormistamiseks k\u00fclastaja ees- ja perekonnanime ning isikukoodi. K\u00fclastuse ajal peab kaasas olema kehtiv isikut t\u00f5endav dokument.<\/p>\n\n\n\n<p>Registreerimine (soovi korral) osaleja transpordiks 22.09.2023 toimuvatesse t\u00f6\u00f6tubadesse bussiga Kindluse Kooli juurest (buss l\u00e4htub kell 12:45 ja on Kindluse Kooli parklas tagasi 15:15) toimub samuti vaid eelneval registreerimisel.<\/p>\n<\/div><\/div>\n<\/div><\/div>\n\n\n\n<div id=\"kontakt\" class=\"wp-block-group\"><div class=\"wp-block-group__inner-container is-layout-flow wp-block-group-is-layout-flow\">\n<div class=\"wp-block-group\"><div class=\"wp-block-group__inner-container is-layout-flow wp-block-group-is-layout-flow\">\n<h2 class=\"wp-block-heading\">Kontakt<\/h2>\n\n\n\n    <div id=\"contact-block_648a01c3a6ea0\" class=\"contact-list\">\n      <div class=\"contact-inner\">\n        <div class=\"container row\">\n          <div class=\"col-md-7\">\n            <div id=\"map\"><\/div>\n          <\/div>\n          <div class=\"col-md-5\">\n            <div class=\"contact-info\">\n                <div class=\"map contact-item\">\n    <i class=\"far fa-map fa-2x\"><\/i><span>Roheluse tee 4, J\u00e4rvek\u00fcla, Harju maakond<\/span>\n  <\/div>\n  \n  <div class=\"email contact-item\">\n    <i class=\"far fa-envelope fa-2x\"><\/i><span><a href=\"javascript:DeCryptX('3n1b1m2n3h0.1t3h3s2r2B0r2c1f201f2g')\">kalle.sepp@rae.ee<\/a><\/span>\n  <\/div>\n  \n<div class=\"phone contact-item\">\n    <i class=\"fas fa-mobile-alt fa-2x\"><\/i><span><a href=\"tel:5072505\">507 2505 Kalle Sepp<\/a><\/span>\n<\/div>\n            <\/div>\n          <\/div>\n        <\/div>\n      <\/div>\n  <\/div>\n  <script src=\"https:\/\/maps.googleapis.com\/maps\/api\/js?key=AIzaSyDTdUaWExBdaisu4cP3DsSKwGRRT4k6Jts&#038;callback=initMap&#038;libraries=&#038;v=weekly\" async><\/script>\n  <script>\n\n    function initMap() {\n      const locs = { lat: 59.3796504, lng: 24.8271817 };\n      const map = new google.maps.Map(document.getElementById(\"map\"), {\n        zoom: 16,\n        center: locs,\n      });\n\n      const contentString =\n        '<div id=\"content\">' +\n        '<div id=\"siteNotice\">' +\n        \"<\/div>\" +\n        '<div id=\"bodyContent\">' +\n        \"<p>Kindluse Kool, Roheluse tee, J\u00e4rvek\u00fcla, Harju maakond, Eesti \" +\n        \"<\/div>\" +\n        \"<\/div>\";\n\n      const infowindow = new google.maps.InfoWindow({\n        content: contentString,\n      });\n\n      const marker = new google.maps.Marker({\n        position: locs,\n        map: map,\n        title: \"Uluru (Ayers Rock)\",\n      });\n      marker.addListener(\"click\", () => {\n        infowindow.open(map, marker);\n      });\n    }\n  <\/script>\n\n\n<\/div><\/div>\n<\/div><\/div>\n","protected":false},"excerpt":{"rendered":"<p>Praktiline info Osalemistasu VIII Omavalitsusp\u00e4eval on 80 eurot \u00fche osaleja kohta. Soodustusega majutusv\u00f5imalus:Korraldajate poolt on kokku lepitud VIII Omavalitsusp\u00e4eva osalejatele soovi korral majutamiseks hotellis Hotel Mercure Tallinn (endine Hotel \u00dclemiste \u2013 \u00f5htuse piduliku vastuv\u00f5tu koha l\u00e4hedal) letihinnast soodsam hind. Soodustuse saamiseks tuleb saata e-kiri v\u00f5i helistada ning kasutada m\u00e4rks\u00f5na\/koodi&nbsp;\u201eOmavalitsusp\u00e4ev\u201c. Soodushind broneerimiseks kehtib kuni 14.09.2023. Kontakt:www.mercuretallinn.comLennujaama   <a class=\"read-more\" href=\"https:\/\/konverents.rae.ee\/omavalitsuspaev\/praktiline-info\/\">Loe edasi&#8230;<\/a><\/p>\n","protected":false},"author":1,"featured_media":0,"parent":0,"menu_order":0,"comment_status":"closed","ping_status":"closed","template":"","meta":{"footnotes":""},"_links":{"self":[{"href":"https:\/\/konverents.rae.ee\/omavalitsuspaev\/wp-json\/wp\/v2\/pages\/951"}],"collection":[{"href":"https:\/\/konverents.rae.ee\/omavalitsuspaev\/wp-json\/wp\/v2\/pages"}],"about":[{"href":"https:\/\/konverents.rae.ee\/omavalitsuspaev\/wp-json\/wp\/v2\/types\/page"}],"author":[{"embeddable":true,"href":"https:\/\/konverents.rae.ee\/omavalitsuspaev\/wp-json\/wp\/v2\/users\/1"}],"replies":[{"embeddable":true,"href":"https:\/\/konverents.rae.ee\/omavalitsuspaev\/wp-json\/wp\/v2\/comments?post=951"}],"version-history":[{"count":3,"href":"https:\/\/konverents.rae.ee\/omavalitsuspaev\/wp-json\/wp\/v2\/pages\/951\/revisions"}],"predecessor-version":[{"id":990,"href":"https:\/\/konverents.rae.ee\/omavalitsuspaev\/wp-json\/wp\/v2\/pages\/951\/revisions\/990"}],"wp:attachment":[{"href":"https:\/\/konverents.rae.ee\/omavalitsuspaev\/wp-json\/wp\/v2\/media?parent=951"}],"curies":[{"name":"wp","href":"https:\/\/api.w.org\/{rel}","templated":true}]}}