{"id":915,"date":"2023-06-02T13:18:31","date_gmt":"2023-06-02T10:18:31","guid":{"rendered":"https:\/\/konverents.rae.ee\/omavalitsuspaev\/?page_id=915"},"modified":"2023-06-14T21:22:22","modified_gmt":"2023-06-14T18:22:22","slug":"omavalituspaevast","status":"publish","type":"page","link":"https:\/\/konverents.rae.ee\/omavalitsuspaev\/omavalituspaevast\/","title":{"rendered":"Omavalitusp\u00e4evast"},"content":{"rendered":"\n<div class=\"wp-block-group has-black-color has-pale-cyan-blue-background-color has-text-color has-background\"><div class=\"wp-block-group__inner-container is-layout-flow wp-block-group-is-layout-flow\">\n<div class=\"wp-block-group\"><div class=\"wp-block-group__inner-container is-layout-flow wp-block-group-is-layout-flow\">\n<h2 class=\"wp-block-heading\"><strong>L\u00fchiteave Omavalitsusp\u00e4evast<\/strong><\/h2>\n\n\n\n<p>Omavalitsusp\u00e4evaga v\u00e4\u00e4rtustatakse senisest tunduvalt enam Eesti kogukondliku halduse ja omavalitsuste ajalugu ja kogemust, kuna Eesti riik kasvas v\u00e4lja omavalitsustest, millele omakorda pandi alus 156 aastat tagasi<em>.<\/em>&nbsp;1.oktoobril 1866. aastal j\u00f5ustus meie esimene avaliku halduse seadus &#8220;Makoggukonna Seadus Baltia-merrekubbermangudele. Ria-, Tallinna- ja Kura-male&#8221;.<\/p>\n\n\n\n<p>Kaasaegse Eesti kohaliku omavalitsuse taastamise \u00fcheks v\u00e4ga oluliseks s\u00fcndmuseks oli omakorda 1. oktoober&nbsp;1990. aastal, kui omistati omavalitsuslik staatus esimestena Muhu vallale ning Kuressaare linnale. Arvestades eelnevat toimuski 2016. aastal Riigikogus Eesti I Omavalitsusp\u00e4ev, kus tehti Riigikogule ettepaneku muuta 1. oktoober riiklikuks t\u00e4htp\u00e4evaks \u2013 Omavalitsusp\u00e4evaks.<\/p>\n\n\n\n<p>29.05.2018 v\u00f5ttis Riigikogu vastu p\u00fchade ja t\u00e4htp\u00e4evade seaduse muutmise seaduse millega 1. oktoober on riiklik t\u00e4htp\u00e4ev, Omavalitsusp\u00e4ev:&nbsp;<a href=\"https:\/\/www.riigiteataja.ee\/akt\/112062018002\"><strong>P\u00fchade ja t\u00e4htp\u00e4evade seaduse muutmise seadus\u2013Riigi Teataja<\/strong><\/a>.<\/p>\n\n\n\n<p>Omavalitsusp\u00e4eva n\u00e4ol on tegemist foorumiga, millega saab efektiivsemalt kaasata kogu \u00fchiskonda nii praeguste kui tulevaste v\u00e4ljakutsete lahendamisse ning koos sellega on hea v\u00f5imalus korraldada erinevaid \u00fcritusi valdades, linnades, maakondades ja kogu riigis ning samuti koolis ja k\u00fclas \u2013 k\u00f5ikides omavalitsuste tegevusega seotud kohtades.<\/p>\n\n\n\n<p>II Omavalitsusp\u00e4ev toimus Tallinnas, III Narvas, IV P\u00e4rnus, V Saaremaal, VI Tartus, VII Viljandis ja VIII OVP toimub Rae vallas 21.-22.09.2023.<\/p>\n\n\n\n<p>T\u00e4psemalt saab omavalitsusp\u00e4evast ning sellega seonduvast lugeda m\u00f6\u00f6dunud aastal ilmunud mahukas kogumikust \u201eEesti omavalitsusp\u00e4ev Ajaloost s\u00fcndinud \u2013 teel tulevikku&#8221;. Kogumik on k\u00e4ttesaadav ka MT\u00dc Polis veebist aadressil&nbsp;<a href=\"https:\/\/www.polismtu.ee\/wp-content\/uploads\/2022\/02\/Omavalitsuspaev_veebiversioon.pdf\"><strong>Omavalitsuspaev_veebiversioon.pdf (polismtu.ee)<\/strong><\/a>. Samuti on kogumik leitav andmebaasist digar:&nbsp;<a href=\"https:\/\/www.digar.ee\/arhiiv\/en\/books\/182743\"><strong>Eesti omavalitsusp\u00e4ev : ajaloost s\u00fcndinud &#8211; teel tulevikku | DIGAR<\/strong><\/a>.<\/p>\n<\/div><\/div>\n<\/div><\/div>\n\n\n\n<div id=\"kontakt\" class=\"wp-block-group\"><div class=\"wp-block-group__inner-container is-layout-flow wp-block-group-is-layout-flow\">\n<div class=\"wp-block-group\"><div class=\"wp-block-group__inner-container is-layout-flow wp-block-group-is-layout-flow\">\n<h2 class=\"wp-block-heading\">Kontakt<\/h2>\n\n\n\n    <div id=\"contact-block_648a01c3a6ea0\" class=\"contact-list\">\n      <div class=\"contact-inner\">\n        <div class=\"container row\">\n          <div class=\"col-md-7\">\n            <div id=\"map\"><\/div>\n          <\/div>\n          <div class=\"col-md-5\">\n            <div class=\"contact-info\">\n                <div class=\"map contact-item\">\n    <i class=\"far fa-map fa-2x\"><\/i><span>Roheluse tee 4, J\u00e4rvek\u00fcla, Harju maakond<\/span>\n  <\/div>\n  \n  <div class=\"email contact-item\">\n    <i class=\"far fa-envelope fa-2x\"><\/i><span><a href=\"javascript:DeCryptX('0k2c1m2n0e0.0s3h0p0p1A1s2c2g0.2g2g')\">kalle.sepp@rae.ee<\/a><\/span>\n  <\/div>\n  \n<div class=\"phone contact-item\">\n    <i class=\"fas fa-mobile-alt fa-2x\"><\/i><span><a href=\"tel:5072505\">507 2505 Kalle Sepp<\/a><\/span>\n<\/div>\n            <\/div>\n          <\/div>\n        <\/div>\n      <\/div>\n  <\/div>\n  <script src=\"https:\/\/maps.googleapis.com\/maps\/api\/js?key=AIzaSyDTdUaWExBdaisu4cP3DsSKwGRRT4k6Jts&#038;callback=initMap&#038;libraries=&#038;v=weekly\" async><\/script>\n  <script>\n\n    function initMap() {\n      const locs = { lat: 59.3796504, lng: 24.8271817 };\n      const map = new google.maps.Map(document.getElementById(\"map\"), {\n        zoom: 16,\n        center: locs,\n      });\n\n      const contentString =\n        '<div id=\"content\">' +\n        '<div id=\"siteNotice\">' +\n        \"<\/div>\" +\n        '<div id=\"bodyContent\">' +\n        \"<p>Kindluse Kool, Roheluse tee, J\u00e4rvek\u00fcla, Harju maakond, Eesti \" +\n        \"<\/div>\" +\n        \"<\/div>\";\n\n      const infowindow = new google.maps.InfoWindow({\n        content: contentString,\n      });\n\n      const marker = new google.maps.Marker({\n        position: locs,\n        map: map,\n        title: \"Uluru (Ayers Rock)\",\n      });\n      marker.addListener(\"click\", () => {\n        infowindow.open(map, marker);\n      });\n    }\n  <\/script>\n\n\n<\/div><\/div>\n<\/div><\/div>\n","protected":false},"excerpt":{"rendered":"<p>L\u00fchiteave Omavalitsusp\u00e4evast Omavalitsusp\u00e4evaga v\u00e4\u00e4rtustatakse senisest tunduvalt enam Eesti kogukondliku halduse ja omavalitsuste ajalugu ja kogemust, kuna Eesti riik kasvas v\u00e4lja omavalitsustest, millele omakorda pandi alus 156 aastat tagasi.&nbsp;1.oktoobril 1866. aastal j\u00f5ustus meie esimene avaliku halduse seadus &#8220;Makoggukonna Seadus Baltia-merrekubbermangudele. Ria-, Tallinna- ja Kura-male&#8221;. Kaasaegse Eesti kohaliku omavalitsuse taastamise \u00fcheks v\u00e4ga oluliseks s\u00fcndmuseks oli omakorda 1.   <a class=\"read-more\" href=\"https:\/\/konverents.rae.ee\/omavalitsuspaev\/omavalituspaevast\/\">Loe edasi&#8230;<\/a><\/p>\n","protected":false},"author":1,"featured_media":0,"parent":0,"menu_order":0,"comment_status":"closed","ping_status":"closed","template":"","meta":{"footnotes":""},"_links":{"self":[{"href":"https:\/\/konverents.rae.ee\/omavalitsuspaev\/wp-json\/wp\/v2\/pages\/915"}],"collection":[{"href":"https:\/\/konverents.rae.ee\/omavalitsuspaev\/wp-json\/wp\/v2\/pages"}],"about":[{"href":"https:\/\/konverents.rae.ee\/omavalitsuspaev\/wp-json\/wp\/v2\/types\/page"}],"author":[{"embeddable":true,"href":"https:\/\/konverents.rae.ee\/omavalitsuspaev\/wp-json\/wp\/v2\/users\/1"}],"replies":[{"embeddable":true,"href":"https:\/\/konverents.rae.ee\/omavalitsuspaev\/wp-json\/wp\/v2\/comments?post=915"}],"version-history":[{"count":11,"href":"https:\/\/konverents.rae.ee\/omavalitsuspaev\/wp-json\/wp\/v2\/pages\/915\/revisions"}],"predecessor-version":[{"id":961,"href":"https:\/\/konverents.rae.ee\/omavalitsuspaev\/wp-json\/wp\/v2\/pages\/915\/revisions\/961"}],"wp:attachment":[{"href":"https:\/\/konverents.rae.ee\/omavalitsuspaev\/wp-json\/wp\/v2\/media?parent=915"}],"curies":[{"name":"wp","href":"https:\/\/api.w.org\/{rel}","templated":true}]}}